{"id":27,"date":"2017-01-21T19:38:21","date_gmt":"2017-01-21T18:38:21","guid":{"rendered":"http:\/\/mauenheimermuschele.de\/wp\/?page_id=27"},"modified":"2026-01-09T16:05:00","modified_gmt":"2026-01-09T15:05:00","slug":"veranstaltungen","status":"publish","type":"page","link":"https:\/\/mauenheimermuschele.de\/wp\/veranstaltungen\/","title":{"rendered":"Veranstaltungen"},"content":{"rendered":"\n<h2 class=\"wp-block-heading\">Mitgliedertreffen im Siegfriedhof<\/h2>\n\n\n\n<p><em>am zweiten Donnerstag in einem geraden Monat ab 19 Uhr<\/em><br><em>im Siegfriedhof, Neue Kempener Stra\u00dfe 255, Mauenheim<\/em><\/p>\n\n\n\n<p><\/p>\n\n\n\n<hr class=\"wp-block-separator has-alpha-channel-opacity\"\/>\n\n\n\n<h2 class=\"wp-block-heading\">Session 2025\/2026<\/h2>\n\n\n\n<div style=\"height:11px\" aria-hidden=\"true\" class=\"wp-block-spacer\"><\/div>\n\n\n\n\n<div class=\"wp-block-image\">\n<figure class=\"alignleft size-large is-resized\"><a href=\"https:\/\/mauenheimermuschele.de\/wp\/wp-content\/uploads\/Mauenheimer-Muschele_DINA5_Kinder_2025.jpg\" target=\"_blank\" rel=\" noreferrer noopener\"><img loading=\"lazy\" decoding=\"async\" width=\"724\" height=\"1024\" src=\"https:\/\/mauenheimermuschele.de\/wp\/wp-content\/uploads\/Mauenheimer-Muschele_DINA5_Kinder_2025-724x1024.jpg\" alt=\"\" class=\"wp-image-2756\" style=\"width:185px;height:auto\" srcset=\"https:\/\/mauenheimermuschele.de\/wp\/wp-content\/uploads\/Mauenheimer-Muschele_DINA5_Kinder_2025-724x1024.jpg 724w, https:\/\/mauenheimermuschele.de\/wp\/wp-content\/uploads\/Mauenheimer-Muschele_DINA5_Kinder_2025-212x300.jpg 212w, https:\/\/mauenheimermuschele.de\/wp\/wp-content\/uploads\/Mauenheimer-Muschele_DINA5_Kinder_2025-768x1086.jpg 768w, https:\/\/mauenheimermuschele.de\/wp\/wp-content\/uploads\/Mauenheimer-Muschele_DINA5_Kinder_2025-1086x1536.jpg 1086w, https:\/\/mauenheimermuschele.de\/wp\/wp-content\/uploads\/Mauenheimer-Muschele_DINA5_Kinder_2025-660x934.jpg 660w, https:\/\/mauenheimermuschele.de\/wp\/wp-content\/uploads\/Mauenheimer-Muschele_DINA5_Kinder_2025.jpg 1240w\" sizes=\"auto, (max-width: 724px) 100vw, 724px\" \/><\/a><\/figure>\n<\/div>\n\n\n<p>14. Dezember 2025<br><strong>Kinderweihnachtsmarkt<\/strong><br>im Pfarrsaal St. Quirinus, Bergstra\u00dfe 91, K\u00f6ln-Mauenheim<\/p>\n\n\n\n<div style=\"height:4px\" aria-hidden=\"true\" class=\"wp-block-spacer\"><\/div>\n\n\n\n<p>8. Januar 2026<br><strong>Seniorensitzung<\/strong><br>im Pfarrsaal St. Quirinus, Bergstra\u00dfe 91, K\u00f6ln-Mauenheim<br>Beginn: 18 Uhr (geschlossene Veranstaltung)<\/p>\n\n\n<div class=\"wp-block-image\">\n<figure class=\"alignleft size-large is-resized\"><a href=\"https:\/\/mauenheimermuschele.de\/wp\/wp-content\/uploads\/Mauenheimer-Muschele_DINA3_2026_Sitzung.jpg\" target=\"_blank\" rel=\" noreferrer noopener\"><img loading=\"lazy\" decoding=\"async\" width=\"724\" height=\"1024\" src=\"https:\/\/mauenheimermuschele.de\/wp\/wp-content\/uploads\/Mauenheimer-Muschele_DINA3_2026_Sitzung-724x1024.jpg\" alt=\"\" class=\"wp-image-2757\" style=\"width:185px\" srcset=\"https:\/\/mauenheimermuschele.de\/wp\/wp-content\/uploads\/Mauenheimer-Muschele_DINA3_2026_Sitzung-724x1024.jpg 724w, https:\/\/mauenheimermuschele.de\/wp\/wp-content\/uploads\/Mauenheimer-Muschele_DINA3_2026_Sitzung-212x300.jpg 212w, https:\/\/mauenheimermuschele.de\/wp\/wp-content\/uploads\/Mauenheimer-Muschele_DINA3_2026_Sitzung-768x1086.jpg 768w, https:\/\/mauenheimermuschele.de\/wp\/wp-content\/uploads\/Mauenheimer-Muschele_DINA3_2026_Sitzung-1086x1536.jpg 1086w, https:\/\/mauenheimermuschele.de\/wp\/wp-content\/uploads\/Mauenheimer-Muschele_DINA3_2026_Sitzung-660x934.jpg 660w, https:\/\/mauenheimermuschele.de\/wp\/wp-content\/uploads\/Mauenheimer-Muschele_DINA3_2026_Sitzung.jpg 1240w\" sizes=\"auto, (max-width: 724px) 100vw, 724px\" \/><\/a><\/figure>\n<\/div>\n\n\n<p>18. Januar 2026<br><strong>Herrensitzung<\/strong><br>Pfarrsaal St. Quirinus, Bergstra\u00dfe 91, K\u00f6ln-Mauenheim<br>Einlass 10:11 Uhr \u2013 Beginn 11:11 Uhr<\/p>\n\n\n\n<p>1. Februar 2026<br><strong>Damensitzung<\/strong><br>Pfarrsaal St. Quirinus, Bergstra\u00dfe 91, K\u00f6ln-Mauenheim<br>Einlass 10:11 Uhr \u2013 Beginn 11:11 Uhr<\/p>\n\n\n\n<div style=\"height:5px\" aria-hidden=\"true\" class=\"wp-block-spacer\"><\/div>\n\n\n<div class=\"wp-block-image\">\n<figure class=\"alignleft size-large is-resized\"><a href=\"https:\/\/mauenheimermuschele.de\/wp\/wp-content\/uploads\/Mauenheimer-Muschele_DINA3_2026_Umzug_fuer-web.jpg\" target=\"_blank\" rel=\" noreferrer noopener\"><img loading=\"lazy\" decoding=\"async\" width=\"724\" height=\"1024\" src=\"https:\/\/mauenheimermuschele.de\/wp\/wp-content\/uploads\/Mauenheimer-Muschele_DINA3_2026_Umzug_fuer-web-724x1024.jpg\" alt=\"\" class=\"wp-image-2755\" style=\"width:185px\" srcset=\"https:\/\/mauenheimermuschele.de\/wp\/wp-content\/uploads\/Mauenheimer-Muschele_DINA3_2026_Umzug_fuer-web-724x1024.jpg 724w, https:\/\/mauenheimermuschele.de\/wp\/wp-content\/uploads\/Mauenheimer-Muschele_DINA3_2026_Umzug_fuer-web-212x300.jpg 212w, https:\/\/mauenheimermuschele.de\/wp\/wp-content\/uploads\/Mauenheimer-Muschele_DINA3_2026_Umzug_fuer-web-768x1087.jpg 768w, https:\/\/mauenheimermuschele.de\/wp\/wp-content\/uploads\/Mauenheimer-Muschele_DINA3_2026_Umzug_fuer-web-1086x1536.jpg 1086w, https:\/\/mauenheimermuschele.de\/wp\/wp-content\/uploads\/Mauenheimer-Muschele_DINA3_2026_Umzug_fuer-web-1448x2048.jpg 1448w, https:\/\/mauenheimermuschele.de\/wp\/wp-content\/uploads\/Mauenheimer-Muschele_DINA3_2026_Umzug_fuer-web-660x934.jpg 660w, https:\/\/mauenheimermuschele.de\/wp\/wp-content\/uploads\/Mauenheimer-Muschele_DINA3_2026_Umzug_fuer-web.jpg 1753w\" sizes=\"auto, (max-width: 724px) 100vw, 724px\" \/><\/a><\/figure>\n<\/div>\n\n\n<p>14. Februar 2026<br><strong>Karnevalistischer Umzug durch Mauenheim<\/strong><br>Aufstellung 14 Uhr Schmiedegasse\/Ecke Neue Kempener Stra\u00dfe<br>Abmarsch 14:30 Uhr<br>Anschlie\u00dfend findet im Saal St. Quirinus zusammen mit dem<br>Gesellschaftskreis wieder die After-Zoch-Party statt<\/p>\n\n\n\n<div style=\"height:5px\" aria-hidden=\"true\" class=\"wp-block-spacer\"><\/div>\n\n\n\n<div class=\"wp-block-columns has-2-columns is-layout-flex wp-container-core-columns-is-layout-9d6595d7 wp-block-columns-is-layout-flex\">\n<div class=\"wp-block-column is-layout-flow wp-block-column-is-layout-flow\"><div class=\"wp-block-image\">\n<figure class=\"alignleft size-large is-resized\"><a href=\"https:\/\/mauenheimermuschele.de\/wp\/wp-content\/uploads\/Nubbelverbrennung-2026.jpg\" target=\"_blank\" rel=\" noreferrer noopener\"><img loading=\"lazy\" decoding=\"async\" width=\"724\" height=\"1024\" src=\"https:\/\/mauenheimermuschele.de\/wp\/wp-content\/uploads\/Nubbelverbrennung-2026-724x1024.jpg\" alt=\"\" class=\"wp-image-2758\" style=\"width:185px\" srcset=\"https:\/\/mauenheimermuschele.de\/wp\/wp-content\/uploads\/Nubbelverbrennung-2026-724x1024.jpg 724w, https:\/\/mauenheimermuschele.de\/wp\/wp-content\/uploads\/Nubbelverbrennung-2026-212x300.jpg 212w, https:\/\/mauenheimermuschele.de\/wp\/wp-content\/uploads\/Nubbelverbrennung-2026-768x1086.jpg 768w, https:\/\/mauenheimermuschele.de\/wp\/wp-content\/uploads\/Nubbelverbrennung-2026-1086x1536.jpg 1086w, https:\/\/mauenheimermuschele.de\/wp\/wp-content\/uploads\/Nubbelverbrennung-2026-660x934.jpg 660w, https:\/\/mauenheimermuschele.de\/wp\/wp-content\/uploads\/Nubbelverbrennung-2026.jpg 1240w\" sizes=\"auto, (max-width: 724px) 100vw, 724px\" \/><\/a><\/figure>\n<\/div>\n\n\n<p>17. Februar 2026<br><strong>Nubbelverbrennung<\/strong><br>Gastst\u00e4tte Siegfriedhof, Neue Kempener Str. 255<br>Beginn 22:00 Uhr<\/p>\n\n\n\n<p>Wenn ihr uns an diesem Abend mit<br>Musik (Tr\u00f6mmelche etc.) unterst\u00fctzen<br>m\u00f6chtet, freuen wir uns!<\/p>\n<\/div>\n<\/div>\n\n\n\n<div style=\"height:1px\" aria-hidden=\"true\" class=\"wp-block-spacer\"><\/div>\n\n\n\n<hr class=\"wp-block-separator has-alpha-channel-opacity is-style-default\"\/>\n\n\n\n<p>Jedes Jahr feiern die Muschele mit ihren Freunden, G\u00e4sten und den Mitgliedern Karneval. Anfang November er\u00f6ffnen wir die Session mit einer <strong>Karnevalsparty<\/strong>. Im neuen Jahr folgen die <strong>Herrensitzung<\/strong>, die <strong>Damensitzung<\/strong>, die <strong>Seniorensitzung<\/strong>, und nat\u00fcrlich der <strong>karnevalistische Umzug<\/strong> durch Mauenheim am Karnevalssamstag.<br>Mit diesen Veranstaltungen m\u00f6chten wir die Tradition des Karnevalsfeierns in unserem Veedel aufrechterhalten, damit die kleinen und gro\u00dfen Mauenheimer, Freunde und Mitglieder des Vereins f\u00fcr ein paar Stunden Spass an d&#8217;r Freud&#8216; haben. Wir freuen uns auf Ihren Besuch!<br>Nicht nur in der Karnevalszeit sind wir aktiv, sondern auch in der Weihnachtszeit. Den <strong>Kinder-Weihnachtsmarkt<\/strong> haben wir ins Leben gerufen, damit unsere kleinsten Mauenheimer mit ihren Eltern und Verwandten bei gutem Essen und Trinken, Programm und Besuch des Nikolaus einen sch\u00f6nen und gem\u00fctlichen Adventsnachmittag erleben k\u00f6nnen. Den Erl\u00f6s stiften wir jedes Jahr einem wohlt\u00e4tigen Zweck.<\/p>\n\n\n\n<hr class=\"wp-block-separator has-text-color has-cyan-bluish-gray-color has-css-opacity has-cyan-bluish-gray-background-color has-background\"\/>\n\n\n\n<p class=\"has-text-align-center\"><strong>Bitte beachten Sie unseren <\/strong><a class=\"textlink\" href=\"https:\/\/mauenheimermuschele.de\/wp\/foto-video\"><strong>Hinweis zu Foto- und Video-Aufnahmen<\/strong><\/a><strong>.<\/strong><\/p>\n\n\n\n<hr class=\"wp-block-separator has-text-color has-cyan-bluish-gray-color has-css-opacity has-cyan-bluish-gray-background-color has-background\"\/>\n","protected":false},"excerpt":{"rendered":"<p>Mitgliedertreffen im Siegfriedhof am zweiten Donnerstag in einem geraden Monat ab 19 Uhrim Siegfriedhof, Neue Kempener Stra\u00dfe 255, Mauenheim Session 2025\/2026 14. Dezember 2025Kinderweihnachtsmarktim Pfarrsaal St. Quirinus, Bergstra\u00dfe 91, K\u00f6ln-Mauenheim 8. Januar 2026Seniorensitzungim Pfarrsaal St. Quirinus, Bergstra\u00dfe 91, K\u00f6ln-MauenheimBeginn: 18 Uhr (geschlossene Veranstaltung) 18. Januar 2026HerrensitzungPfarrsaal St. Quirinus, Bergstra\u00dfe 91, K\u00f6ln-MauenheimEinlass 10:11 Uhr \u2013 Beginn\u2026 <span class=\"read-more\"><a href=\"https:\/\/mauenheimermuschele.de\/wp\/veranstaltungen\/\">mehr &raquo;<\/a><\/span><\/p>\n","protected":false},"author":1,"featured_media":0,"parent":0,"menu_order":0,"comment_status":"closed","ping_status":"closed","template":"","meta":{"footnotes":""},"class_list":["post-27","page","type-page","status-publish","hentry"],"_links":{"self":[{"href":"https:\/\/mauenheimermuschele.de\/wp\/wp-json\/wp\/v2\/pages\/27","targetHints":{"allow":["GET"]}}],"collection":[{"href":"https:\/\/mauenheimermuschele.de\/wp\/wp-json\/wp\/v2\/pages"}],"about":[{"href":"https:\/\/mauenheimermuschele.de\/wp\/wp-json\/wp\/v2\/types\/page"}],"author":[{"embeddable":true,"href":"https:\/\/mauenheimermuschele.de\/wp\/wp-json\/wp\/v2\/users\/1"}],"replies":[{"embeddable":true,"href":"https:\/\/mauenheimermuschele.de\/wp\/wp-json\/wp\/v2\/comments?post=27"}],"version-history":[{"count":154,"href":"https:\/\/mauenheimermuschele.de\/wp\/wp-json\/wp\/v2\/pages\/27\/revisions"}],"predecessor-version":[{"id":2769,"href":"https:\/\/mauenheimermuschele.de\/wp\/wp-json\/wp\/v2\/pages\/27\/revisions\/2769"}],"wp:attachment":[{"href":"https:\/\/mauenheimermuschele.de\/wp\/wp-json\/wp\/v2\/media?parent=27"}],"curies":[{"name":"wp","href":"https:\/\/api.w.org\/{rel}","templated":true}]}}