{"id":11,"date":"2017-01-21T19:34:53","date_gmt":"2017-01-21T18:34:53","guid":{"rendered":"http:\/\/mauenheimermuschele.de\/wp\/?page_id=11"},"modified":"2025-03-06T19:25:01","modified_gmt":"2025-03-06T18:25:01","slug":"verein","status":"publish","type":"page","link":"https:\/\/mauenheimermuschele.de\/wp\/verein\/","title":{"rendered":"Der Verein"},"content":{"rendered":"<div class=\"wp-block-image\">\n<figure class=\"aligncenter size-large\"><img loading=\"lazy\" decoding=\"async\" width=\"1024\" height=\"538\" src=\"https:\/\/mauenheimermuschele.de\/wp\/wp-content\/uploads\/2025-03-01_Zoch-37-aus-1024x538.jpg\" alt=\"\" class=\"wp-image-2702\" srcset=\"https:\/\/mauenheimermuschele.de\/wp\/wp-content\/uploads\/2025-03-01_Zoch-37-aus-1024x538.jpg 1024w, https:\/\/mauenheimermuschele.de\/wp\/wp-content\/uploads\/2025-03-01_Zoch-37-aus-300x158.jpg 300w, https:\/\/mauenheimermuschele.de\/wp\/wp-content\/uploads\/2025-03-01_Zoch-37-aus-768x404.jpg 768w, https:\/\/mauenheimermuschele.de\/wp\/wp-content\/uploads\/2025-03-01_Zoch-37-aus-1536x808.jpg 1536w, https:\/\/mauenheimermuschele.de\/wp\/wp-content\/uploads\/2025-03-01_Zoch-37-aus-2048x1077.jpg 2048w, https:\/\/mauenheimermuschele.de\/wp\/wp-content\/uploads\/2025-03-01_Zoch-37-aus-660x347.jpg 660w, https:\/\/mauenheimermuschele.de\/wp\/wp-content\/uploads\/2025-03-01_Zoch-37-aus-380x200.jpg 380w\" sizes=\"auto, (max-width: 1024px) 100vw, 1024px\" \/><\/figure>\n<\/div>\n\n\n<p><br>Bereits seit 1959 bietet unser Verein Karnevalsfreunden aus K\u00f6ln-Mauenheim und Umgebung ein Zuhause &#8211; nicht nur zur &#8222;f\u00fcnften Jahreszeit&#8220;, sondern das ganze Jahr \u00fcber.<\/p>\n\n\n\n<p>Neben dem j\u00e4hrlichen Karnevalsumzug im Veedel veranstalten wir unter anderem auch j\u00e4hrlich eine Feier zum &#8222;Elften im Elften&#8220;, einen Weihnachtsmarkt f\u00fcr &#8222;uns P\u00e4nz&#8220; sowie verschiedene Sitzungen. Eine Veranstaltungs\u00fcbersicht finden Sie <a class=\"textlink\" href=\"https:\/\/mauenheimermuschele.de\/wp\/veranstaltungen\/\">hier<\/a>.<\/p>\n\n\n\n<p>Derzeit hat unser Verein etwa 60 Mitglieder. Wie auch Sie Mitglied werden k\u00f6nnen, erfahren Sie <a class=\"textlink\" href=\"https:\/\/mauenheimermuschele.de\/wp\/mitglieder\/\">hier<\/a>.<\/p>\n\n\n\n<p>Rund um die Veranstaltungen und Treffen gibt es vieles zu organisieren und viele helfende H\u00e4nde sorgen daf\u00fcr, dass alles reibungslos l\u00e4uft. Da diese auch manchmal anstrengenden und zeitraubenden Arbeiten meist ohne Murren und Knurren absolviert werden, sagen wir an dieser Stelle mal ein ganz gro\u00dfes Dankesch\u00f6n an alle Mitglieder, die durch ihren Einsatz dazu beitragen, dass der Verein hoffentlich noch lange bestehen bleibt. DANKESCH\u00d6N &#8211; Ihr seid klasse !!!<\/p>\n","protected":false},"excerpt":{"rendered":"<p>Bereits seit 1959 bietet unser Verein Karnevalsfreunden aus K\u00f6ln-Mauenheim und Umgebung ein Zuhause &#8211; nicht nur zur &#8222;f\u00fcnften Jahreszeit&#8220;, sondern das ganze Jahr \u00fcber. Neben dem j\u00e4hrlichen Karnevalsumzug im Veedel veranstalten wir unter anderem auch j\u00e4hrlich eine Feier zum &#8222;Elften im Elften&#8220;, einen Weihnachtsmarkt f\u00fcr &#8222;uns P\u00e4nz&#8220; sowie verschiedene Sitzungen. Eine Veranstaltungs\u00fcbersicht finden Sie hier.\u2026 <span class=\"read-more\"><a href=\"https:\/\/mauenheimermuschele.de\/wp\/verein\/\">mehr &raquo;<\/a><\/span><\/p>\n","protected":false},"author":1,"featured_media":0,"parent":0,"menu_order":0,"comment_status":"closed","ping_status":"closed","template":"","meta":{"footnotes":""},"class_list":["post-11","page","type-page","status-publish","hentry"],"_links":{"self":[{"href":"https:\/\/mauenheimermuschele.de\/wp\/wp-json\/wp\/v2\/pages\/11","targetHints":{"allow":["GET"]}}],"collection":[{"href":"https:\/\/mauenheimermuschele.de\/wp\/wp-json\/wp\/v2\/pages"}],"about":[{"href":"https:\/\/mauenheimermuschele.de\/wp\/wp-json\/wp\/v2\/types\/page"}],"author":[{"embeddable":true,"href":"https:\/\/mauenheimermuschele.de\/wp\/wp-json\/wp\/v2\/users\/1"}],"replies":[{"embeddable":true,"href":"https:\/\/mauenheimermuschele.de\/wp\/wp-json\/wp\/v2\/comments?post=11"}],"version-history":[{"count":14,"href":"https:\/\/mauenheimermuschele.de\/wp\/wp-json\/wp\/v2\/pages\/11\/revisions"}],"predecessor-version":[{"id":2703,"href":"https:\/\/mauenheimermuschele.de\/wp\/wp-json\/wp\/v2\/pages\/11\/revisions\/2703"}],"wp:attachment":[{"href":"https:\/\/mauenheimermuschele.de\/wp\/wp-json\/wp\/v2\/media?parent=11"}],"curies":[{"name":"wp","href":"https:\/\/api.w.org\/{rel}","templated":true}]}}